{"id":11,"date":"2021-02-27T23:32:46","date_gmt":"2021-02-27T22:32:46","guid":{"rendered":"http:\/\/fishermoon.fr\/?post_type=product&#038;p=11"},"modified":"2022-01-06T17:18:03","modified_gmt":"2022-01-06T16:18:03","slug":"la-promenade-de-nemo","status":"publish","type":"product","link":"https:\/\/fishermoon.fr\/index.php\/produit\/la-promenade-de-nemo\/","title":{"rendered":"La promenade de Nemo"},"content":{"rendered":"<p>Format de poche (11\u00d718,5 cm)<\/p>\n","protected":false},"excerpt":{"rendered":"<p><em>G. Le P\u00e9choux<\/em><\/p>\n<p>Plus d&rsquo;informations <a href=\"https:\/\/fishermoon.fr\/index.php\/nemo\/\">ici<\/a><\/p>\n","protected":false},"featured_media":219,"template":"","meta":{"_monsterinsights_skip_tracking":false,"_monsterinsights_sitenote_active":false,"_monsterinsights_sitenote_note":"","_monsterinsights_sitenote_category":0,"site-sidebar-layout":"default","site-content-layout":"default","ast-site-content-layout":"","site-content-style":"default","site-sidebar-style":"default","ast-global-header-display":"","ast-banner-title-visibility":"","ast-main-header-display":"","ast-hfb-above-header-display":"","ast-hfb-below-header-display":"","ast-hfb-mobile-header-display":"","site-post-title":"","ast-breadcrumbs-content":"","ast-featured-img":"","footer-sml-layout":"","theme-transparent-header-meta":"default","adv-header-id-meta":"","stick-header-meta":"","header-above-stick-meta":"","header-main-stick-meta":"","header-below-stick-meta":"","astra-migrate-meta-layouts":"default","ast-page-background-enabled":"default","ast-page-background-meta":{"desktop":{"background-color":"","background-image":"","background-repeat":"repeat","background-position":"center center","background-size":"auto","background-attachment":"scroll","background-type":"","background-media":"","overlay-type":"","overlay-color":"","overlay-gradient":""},"tablet":{"background-color":"","background-image":"","background-repeat":"repeat","background-position":"center center","background-size":"auto","background-attachment":"scroll","background-type":"","background-media":"","overlay-type":"","overlay-color":"","overlay-gradient":""},"mobile":{"background-color":"","background-image":"","background-repeat":"repeat","background-position":"center center","background-size":"auto","background-attachment":"scroll","background-type":"","background-media":"","overlay-type":"","overlay-color":"","overlay-gradient":""}},"ast-content-background-meta":{"desktop":{"background-color":"var(--ast-global-color-5)","background-image":"","background-repeat":"repeat","background-position":"center center","background-size":"auto","background-attachment":"scroll","background-type":"","background-media":"","overlay-type":"","overlay-color":"","overlay-gradient":""},"tablet":{"background-color":"var(--ast-global-color-5)","background-image":"","background-repeat":"repeat","background-position":"center center","background-size":"auto","background-attachment":"scroll","background-type":"","background-media":"","overlay-type":"","overlay-color":"","overlay-gradient":""},"mobile":{"background-color":"var(--ast-global-color-5)","background-image":"","background-repeat":"repeat","background-position":"center center","background-size":"auto","background-attachment":"scroll","background-type":"","background-media":"","overlay-type":"","overlay-color":"","overlay-gradient":""}}},"product_brand":[],"product_cat":[20],"product_tag":[],"class_list":{"0":"post-11","1":"product","2":"type-product","3":"status-publish","4":"has-post-thumbnail","6":"product_cat-dystopie","7":"desktop-align-left","8":"tablet-align-left","9":"mobile-align-left","11":"first","12":"instock","13":"featured","14":"shipping-taxable","15":"purchasable","16":"product-type-simple"},"yoast_head":"<!-- This site is optimized with the Yoast SEO plugin v25.6 - https:\/\/yoast.com\/wordpress\/plugins\/seo\/ -->\n<title>La promenade de Nemo &#8211; Fishermoon<\/title>\n<meta name=\"description\" content=\"Livre 2021 - Le monde Post-Covid, ou le cheminement d&#039;un homme, Nemo, qui n&#039;a toujours connu que la dictature. Dictature num\u00e9rique. Dictature sanitaire. Monde de variants et de restrictions. Monde o\u00f9 le masque est une banalit\u00e9, le vaccin, une formalit\u00e9.\" \/>\n<meta name=\"robots\" content=\"index, follow, max-snippet:-1, max-image-preview:large, max-video-preview:-1\" \/>\n<link rel=\"canonical\" href=\"https:\/\/fishermoon.fr\/index.php\/produit\/la-promenade-de-nemo\/\" \/>\n<meta property=\"og:locale\" content=\"fr_FR\" \/>\n<meta property=\"og:type\" content=\"article\" \/>\n<meta property=\"og:title\" content=\"La promenade de Nemo &#8211; Fishermoon\" \/>\n<meta property=\"og:description\" content=\"Livre 2021 - Le monde Post-Covid, ou le cheminement d&#039;un homme, Nemo, qui n&#039;a toujours connu que la dictature. Dictature num\u00e9rique. Dictature sanitaire. Monde de variants et de restrictions. Monde o\u00f9 le masque est une banalit\u00e9, le vaccin, une formalit\u00e9.\" \/>\n<meta property=\"og:url\" content=\"https:\/\/fishermoon.fr\/index.php\/produit\/la-promenade-de-nemo\/\" \/>\n<meta property=\"og:site_name\" content=\"Fishermoon\" \/>\n<meta property=\"article:modified_time\" content=\"2022-01-06T16:18:03+00:00\" \/>\n<meta property=\"og:image\" content=\"https:\/\/fishermoon.fr\/wp-content\/uploads\/2021\/02\/Couverture.jpg\" \/>\n\t<meta property=\"og:image:width\" content=\"624\" \/>\n\t<meta property=\"og:image:height\" content=\"1073\" \/>\n\t<meta property=\"og:image:type\" content=\"image\/jpeg\" \/>\n<meta name=\"twitter:card\" content=\"summary_large_image\" \/>\n<meta name=\"twitter:label1\" content=\"Dur\u00e9e de lecture estim\u00e9e\" \/>\n\t<meta name=\"twitter:data1\" content=\"1 minute\" \/>\n<script type=\"application\/ld+json\" class=\"yoast-schema-graph\">{\"@context\":\"https:\/\/schema.org\",\"@graph\":[{\"@type\":\"WebPage\",\"@id\":\"https:\/\/fishermoon.fr\/index.php\/produit\/la-promenade-de-nemo\/\",\"url\":\"https:\/\/fishermoon.fr\/index.php\/produit\/la-promenade-de-nemo\/\",\"name\":\"La promenade de Nemo &#8211; Fishermoon\",\"isPartOf\":{\"@id\":\"https:\/\/fishermoon.fr\/#website\"},\"primaryImageOfPage\":{\"@id\":\"https:\/\/fishermoon.fr\/index.php\/produit\/la-promenade-de-nemo\/#primaryimage\"},\"image\":{\"@id\":\"https:\/\/fishermoon.fr\/index.php\/produit\/la-promenade-de-nemo\/#primaryimage\"},\"thumbnailUrl\":\"https:\/\/fishermoon.fr\/wp-content\/uploads\/2021\/02\/Couverture.jpg\",\"datePublished\":\"2021-02-27T22:32:46+00:00\",\"dateModified\":\"2022-01-06T16:18:03+00:00\",\"description\":\"Livre 2021 - Le monde Post-Covid, ou le cheminement d'un homme, Nemo, qui n'a toujours connu que la dictature. Dictature num\u00e9rique. Dictature sanitaire. Monde de variants et de restrictions. Monde o\u00f9 le masque est une banalit\u00e9, le vaccin, une formalit\u00e9.\",\"breadcrumb\":{\"@id\":\"https:\/\/fishermoon.fr\/index.php\/produit\/la-promenade-de-nemo\/#breadcrumb\"},\"inLanguage\":\"fr-FR\",\"potentialAction\":[{\"@type\":\"ReadAction\",\"target\":[\"https:\/\/fishermoon.fr\/index.php\/produit\/la-promenade-de-nemo\/\"]}]},{\"@type\":\"ImageObject\",\"inLanguage\":\"fr-FR\",\"@id\":\"https:\/\/fishermoon.fr\/index.php\/produit\/la-promenade-de-nemo\/#primaryimage\",\"url\":\"https:\/\/fishermoon.fr\/wp-content\/uploads\/2021\/02\/Couverture.jpg\",\"contentUrl\":\"https:\/\/fishermoon.fr\/wp-content\/uploads\/2021\/02\/Couverture.jpg\",\"width\":624,\"height\":1073},{\"@type\":\"BreadcrumbList\",\"@id\":\"https:\/\/fishermoon.fr\/index.php\/produit\/la-promenade-de-nemo\/#breadcrumb\",\"itemListElement\":[{\"@type\":\"ListItem\",\"position\":1,\"name\":\"Accueil\",\"item\":\"https:\/\/fishermoon.fr\/\"},{\"@type\":\"ListItem\",\"position\":2,\"name\":\"Boutique\",\"item\":\"https:\/\/fishermoon.fr\/index.php\/boutique\/\"},{\"@type\":\"ListItem\",\"position\":3,\"name\":\"La promenade de Nemo\"}]},{\"@type\":\"WebSite\",\"@id\":\"https:\/\/fishermoon.fr\/#website\",\"url\":\"https:\/\/fishermoon.fr\/\",\"name\":\"Fishermoon\",\"description\":\"Les Nouvelles \u00c9ditions Ind\u00e9pendantes \",\"publisher\":{\"@id\":\"https:\/\/fishermoon.fr\/#organization\"},\"potentialAction\":[{\"@type\":\"SearchAction\",\"target\":{\"@type\":\"EntryPoint\",\"urlTemplate\":\"https:\/\/fishermoon.fr\/?s={search_term_string}\"},\"query-input\":{\"@type\":\"PropertyValueSpecification\",\"valueRequired\":true,\"valueName\":\"search_term_string\"}}],\"inLanguage\":\"fr-FR\"},{\"@type\":\"Organization\",\"@id\":\"https:\/\/fishermoon.fr\/#organization\",\"name\":\"Fishermoon\",\"url\":\"https:\/\/fishermoon.fr\/\",\"logo\":{\"@type\":\"ImageObject\",\"inLanguage\":\"fr-FR\",\"@id\":\"https:\/\/fishermoon.fr\/#\/schema\/logo\/image\/\",\"url\":\"https:\/\/fishermoon.fr\/wp-content\/uploads\/2021\/03\/cropped-Logo-Fishermoon-1.png\",\"contentUrl\":\"https:\/\/fishermoon.fr\/wp-content\/uploads\/2021\/03\/cropped-Logo-Fishermoon-1.png\",\"width\":512,\"height\":512,\"caption\":\"Fishermoon\"},\"image\":{\"@id\":\"https:\/\/fishermoon.fr\/#\/schema\/logo\/image\/\"}}]}<\/script>\n<!-- \/ Yoast SEO plugin. -->","yoast_head_json":{"title":"La promenade de Nemo &#8211; Fishermoon","description":"Livre 2021 - Le monde Post-Covid, ou le cheminement d'un homme, Nemo, qui n'a toujours connu que la dictature. Dictature num\u00e9rique. Dictature sanitaire. Monde de variants et de restrictions. Monde o\u00f9 le masque est une banalit\u00e9, le vaccin, une formalit\u00e9.","robots":{"index":"index","follow":"follow","max-snippet":"max-snippet:-1","max-image-preview":"max-image-preview:large","max-video-preview":"max-video-preview:-1"},"canonical":"https:\/\/fishermoon.fr\/index.php\/produit\/la-promenade-de-nemo\/","og_locale":"fr_FR","og_type":"article","og_title":"La promenade de Nemo &#8211; Fishermoon","og_description":"Livre 2021 - Le monde Post-Covid, ou le cheminement d'un homme, Nemo, qui n'a toujours connu que la dictature. Dictature num\u00e9rique. Dictature sanitaire. Monde de variants et de restrictions. Monde o\u00f9 le masque est une banalit\u00e9, le vaccin, une formalit\u00e9.","og_url":"https:\/\/fishermoon.fr\/index.php\/produit\/la-promenade-de-nemo\/","og_site_name":"Fishermoon","article_modified_time":"2022-01-06T16:18:03+00:00","og_image":[{"width":624,"height":1073,"url":"https:\/\/fishermoon.fr\/wp-content\/uploads\/2021\/02\/Couverture.jpg","type":"image\/jpeg"}],"twitter_card":"summary_large_image","twitter_misc":{"Dur\u00e9e de lecture estim\u00e9e":"1 minute"},"schema":{"@context":"https:\/\/schema.org","@graph":[{"@type":"WebPage","@id":"https:\/\/fishermoon.fr\/index.php\/produit\/la-promenade-de-nemo\/","url":"https:\/\/fishermoon.fr\/index.php\/produit\/la-promenade-de-nemo\/","name":"La promenade de Nemo &#8211; Fishermoon","isPartOf":{"@id":"https:\/\/fishermoon.fr\/#website"},"primaryImageOfPage":{"@id":"https:\/\/fishermoon.fr\/index.php\/produit\/la-promenade-de-nemo\/#primaryimage"},"image":{"@id":"https:\/\/fishermoon.fr\/index.php\/produit\/la-promenade-de-nemo\/#primaryimage"},"thumbnailUrl":"https:\/\/fishermoon.fr\/wp-content\/uploads\/2021\/02\/Couverture.jpg","datePublished":"2021-02-27T22:32:46+00:00","dateModified":"2022-01-06T16:18:03+00:00","description":"Livre 2021 - Le monde Post-Covid, ou le cheminement d'un homme, Nemo, qui n'a toujours connu que la dictature. Dictature num\u00e9rique. Dictature sanitaire. Monde de variants et de restrictions. Monde o\u00f9 le masque est une banalit\u00e9, le vaccin, une formalit\u00e9.","breadcrumb":{"@id":"https:\/\/fishermoon.fr\/index.php\/produit\/la-promenade-de-nemo\/#breadcrumb"},"inLanguage":"fr-FR","potentialAction":[{"@type":"ReadAction","target":["https:\/\/fishermoon.fr\/index.php\/produit\/la-promenade-de-nemo\/"]}]},{"@type":"ImageObject","inLanguage":"fr-FR","@id":"https:\/\/fishermoon.fr\/index.php\/produit\/la-promenade-de-nemo\/#primaryimage","url":"https:\/\/fishermoon.fr\/wp-content\/uploads\/2021\/02\/Couverture.jpg","contentUrl":"https:\/\/fishermoon.fr\/wp-content\/uploads\/2021\/02\/Couverture.jpg","width":624,"height":1073},{"@type":"BreadcrumbList","@id":"https:\/\/fishermoon.fr\/index.php\/produit\/la-promenade-de-nemo\/#breadcrumb","itemListElement":[{"@type":"ListItem","position":1,"name":"Accueil","item":"https:\/\/fishermoon.fr\/"},{"@type":"ListItem","position":2,"name":"Boutique","item":"https:\/\/fishermoon.fr\/index.php\/boutique\/"},{"@type":"ListItem","position":3,"name":"La promenade de Nemo"}]},{"@type":"WebSite","@id":"https:\/\/fishermoon.fr\/#website","url":"https:\/\/fishermoon.fr\/","name":"Fishermoon","description":"Les Nouvelles \u00c9ditions Ind\u00e9pendantes ","publisher":{"@id":"https:\/\/fishermoon.fr\/#organization"},"potentialAction":[{"@type":"SearchAction","target":{"@type":"EntryPoint","urlTemplate":"https:\/\/fishermoon.fr\/?s={search_term_string}"},"query-input":{"@type":"PropertyValueSpecification","valueRequired":true,"valueName":"search_term_string"}}],"inLanguage":"fr-FR"},{"@type":"Organization","@id":"https:\/\/fishermoon.fr\/#organization","name":"Fishermoon","url":"https:\/\/fishermoon.fr\/","logo":{"@type":"ImageObject","inLanguage":"fr-FR","@id":"https:\/\/fishermoon.fr\/#\/schema\/logo\/image\/","url":"https:\/\/fishermoon.fr\/wp-content\/uploads\/2021\/03\/cropped-Logo-Fishermoon-1.png","contentUrl":"https:\/\/fishermoon.fr\/wp-content\/uploads\/2021\/03\/cropped-Logo-Fishermoon-1.png","width":512,"height":512,"caption":"Fishermoon"},"image":{"@id":"https:\/\/fishermoon.fr\/#\/schema\/logo\/image\/"}}]}},"jetpack_sharing_enabled":true,"_links":{"self":[{"href":"https:\/\/fishermoon.fr\/index.php\/wp-json\/wp\/v2\/product\/11"}],"collection":[{"href":"https:\/\/fishermoon.fr\/index.php\/wp-json\/wp\/v2\/product"}],"about":[{"href":"https:\/\/fishermoon.fr\/index.php\/wp-json\/wp\/v2\/types\/product"}],"version-history":[{"count":5,"href":"https:\/\/fishermoon.fr\/index.php\/wp-json\/wp\/v2\/product\/11\/revisions"}],"predecessor-version":[{"id":262,"href":"https:\/\/fishermoon.fr\/index.php\/wp-json\/wp\/v2\/product\/11\/revisions\/262"}],"wp:featuredmedia":[{"embeddable":true,"href":"https:\/\/fishermoon.fr\/index.php\/wp-json\/wp\/v2\/media\/219"}],"wp:attachment":[{"href":"https:\/\/fishermoon.fr\/index.php\/wp-json\/wp\/v2\/media?parent=11"}],"wp:term":[{"taxonomy":"product_brand","embeddable":true,"href":"https:\/\/fishermoon.fr\/index.php\/wp-json\/wp\/v2\/product_brand?post=11"},{"taxonomy":"product_cat","embeddable":true,"href":"https:\/\/fishermoon.fr\/index.php\/wp-json\/wp\/v2\/product_cat?post=11"},{"taxonomy":"product_tag","embeddable":true,"href":"https:\/\/fishermoon.fr\/index.php\/wp-json\/wp\/v2\/product_tag?post=11"}],"curies":[{"name":"wp","href":"https:\/\/api.w.org\/{rel}","templated":true}]}}