{"id":94,"date":"2021-02-28T21:58:22","date_gmt":"2021-02-28T20:58:22","guid":{"rendered":"http:\/\/fishermoon.fr\/?page_id=94"},"modified":"2021-04-01T22:35:19","modified_gmt":"2021-04-01T20:35:19","slug":"mentions-legales","status":"publish","type":"page","link":"https:\/\/fishermoon.fr\/index.php\/mentions-legales\/","title":{"rendered":"Mentions l\u00e9gales"},"content":{"rendered":"<p><em>Mentions propres au site<\/em><\/p><p>FISHERMOON sert de plateforme de diffusion et de vente de livres auto\u00e9dit\u00e9s pour le compte personnel de la personne physique Gwendoline Le P\u00e9choux.<\/p><p>FISHERMOON 58 Avenue Corot 13013 MARSEILLE<\/p><p>H\u00e9bergeur: OVH<\/p>","protected":false},"excerpt":{"rendered":"<p>Mentions propres au site FISHERMOON sert de plateforme de diffusion et de vente de livres auto\u00e9dit\u00e9s pour le compte personnel de la personne physique Gwendoline Le P\u00e9choux. FISHERMOON 58 Avenue Corot 13013 MARSEILLE H\u00e9bergeur: OVH<\/p>\n","protected":false},"author":1,"featured_media":0,"parent":0,"menu_order":0,"comment_status":"closed","ping_status":"closed","template":"elementor_header_footer","meta":{"_monsterinsights_skip_tracking":false,"_monsterinsights_sitenote_active":false,"_monsterinsights_sitenote_note":"","_monsterinsights_sitenote_category":0,"site-sidebar-layout":"default","site-content-layout":"default","ast-site-content-layout":"","site-content-style":"default","site-sidebar-style":"default","ast-global-header-display":"","ast-banner-title-visibility":"","ast-main-header-display":"","ast-hfb-above-header-display":"","ast-hfb-below-header-display":"","ast-hfb-mobile-header-display":"","site-post-title":"disabled","ast-breadcrumbs-content":"disabled","ast-featured-img":"disabled","footer-sml-layout":"","theme-transparent-header-meta":"default","adv-header-id-meta":"","stick-header-meta":"","header-above-stick-meta":"","header-main-stick-meta":"","header-below-stick-meta":"","astra-migrate-meta-layouts":"default","ast-page-background-enabled":"default","ast-page-background-meta":{"desktop":{"background-color":"","background-image":"","background-repeat":"repeat","background-position":"center center","background-size":"auto","background-attachment":"scroll","background-type":"","background-media":"","overlay-type":"","overlay-color":"","overlay-gradient":""},"tablet":{"background-color":"","background-image":"","background-repeat":"repeat","background-position":"center center","background-size":"auto","background-attachment":"scroll","background-type":"","background-media":"","overlay-type":"","overlay-color":"","overlay-gradient":""},"mobile":{"background-color":"","background-image":"","background-repeat":"repeat","background-position":"center center","background-size":"auto","background-attachment":"scroll","background-type":"","background-media":"","overlay-type":"","overlay-color":"","overlay-gradient":""}},"ast-content-background-meta":{"desktop":{"background-color":"var(--ast-global-color-5)","background-image":"","background-repeat":"repeat","background-position":"center center","background-size":"auto","background-attachment":"scroll","background-type":"","background-media":"","overlay-type":"","overlay-color":"","overlay-gradient":""},"tablet":{"background-color":"var(--ast-global-color-5)","background-image":"","background-repeat":"repeat","background-position":"center center","background-size":"auto","background-attachment":"scroll","background-type":"","background-media":"","overlay-type":"","overlay-color":"","overlay-gradient":""},"mobile":{"background-color":"var(--ast-global-color-5)","background-image":"","background-repeat":"repeat","background-position":"center center","background-size":"auto","background-attachment":"scroll","background-type":"","background-media":"","overlay-type":"","overlay-color":"","overlay-gradient":""}},"footnotes":""},"class_list":["post-94","page","type-page","status-publish","hentry"],"yoast_head":"<!-- This site is optimized with the Yoast SEO plugin v25.6 - https:\/\/yoast.com\/wordpress\/plugins\/seo\/ -->\n<title>Mentions l\u00e9gales &#8211; Fishermoon<\/title>\n<meta name=\"robots\" content=\"index, follow, max-snippet:-1, max-image-preview:large, max-video-preview:-1\" \/>\n<link rel=\"canonical\" href=\"https:\/\/fishermoon.fr\/index.php\/mentions-legales\/\" \/>\n<meta property=\"og:locale\" content=\"fr_FR\" \/>\n<meta property=\"og:type\" content=\"article\" \/>\n<meta property=\"og:title\" content=\"Mentions l\u00e9gales &#8211; Fishermoon\" \/>\n<meta property=\"og:description\" content=\"Mentions propres au site FISHERMOON sert de plateforme de diffusion et de vente de livres auto\u00e9dit\u00e9s pour le compte personnel de la personne physique Gwendoline Le P\u00e9choux. FISHERMOON 58 Avenue Corot 13013 MARSEILLE H\u00e9bergeur: OVH\" \/>\n<meta property=\"og:url\" content=\"https:\/\/fishermoon.fr\/index.php\/mentions-legales\/\" \/>\n<meta property=\"og:site_name\" content=\"Fishermoon\" \/>\n<meta property=\"article:modified_time\" content=\"2021-04-01T20:35:19+00:00\" \/>\n<meta name=\"twitter:card\" content=\"summary_large_image\" \/>\n<script type=\"application\/ld+json\" class=\"yoast-schema-graph\">{\"@context\":\"https:\/\/schema.org\",\"@graph\":[{\"@type\":\"WebPage\",\"@id\":\"https:\/\/fishermoon.fr\/index.php\/mentions-legales\/\",\"url\":\"https:\/\/fishermoon.fr\/index.php\/mentions-legales\/\",\"name\":\"Mentions l\u00e9gales &#8211; Fishermoon\",\"isPartOf\":{\"@id\":\"https:\/\/fishermoon.fr\/#website\"},\"datePublished\":\"2021-02-28T20:58:22+00:00\",\"dateModified\":\"2021-04-01T20:35:19+00:00\",\"breadcrumb\":{\"@id\":\"https:\/\/fishermoon.fr\/index.php\/mentions-legales\/#breadcrumb\"},\"inLanguage\":\"fr-FR\",\"potentialAction\":[{\"@type\":\"ReadAction\",\"target\":[\"https:\/\/fishermoon.fr\/index.php\/mentions-legales\/\"]}]},{\"@type\":\"BreadcrumbList\",\"@id\":\"https:\/\/fishermoon.fr\/index.php\/mentions-legales\/#breadcrumb\",\"itemListElement\":[{\"@type\":\"ListItem\",\"position\":1,\"name\":\"Accueil\",\"item\":\"https:\/\/fishermoon.fr\/\"},{\"@type\":\"ListItem\",\"position\":2,\"name\":\"Mentions l\u00e9gales\"}]},{\"@type\":\"WebSite\",\"@id\":\"https:\/\/fishermoon.fr\/#website\",\"url\":\"https:\/\/fishermoon.fr\/\",\"name\":\"Fishermoon\",\"description\":\"Les Nouvelles \u00c9ditions Ind\u00e9pendantes \",\"publisher\":{\"@id\":\"https:\/\/fishermoon.fr\/#organization\"},\"potentialAction\":[{\"@type\":\"SearchAction\",\"target\":{\"@type\":\"EntryPoint\",\"urlTemplate\":\"https:\/\/fishermoon.fr\/?s={search_term_string}\"},\"query-input\":{\"@type\":\"PropertyValueSpecification\",\"valueRequired\":true,\"valueName\":\"search_term_string\"}}],\"inLanguage\":\"fr-FR\"},{\"@type\":\"Organization\",\"@id\":\"https:\/\/fishermoon.fr\/#organization\",\"name\":\"Fishermoon\",\"url\":\"https:\/\/fishermoon.fr\/\",\"logo\":{\"@type\":\"ImageObject\",\"inLanguage\":\"fr-FR\",\"@id\":\"https:\/\/fishermoon.fr\/#\/schema\/logo\/image\/\",\"url\":\"https:\/\/fishermoon.fr\/wp-content\/uploads\/2021\/03\/cropped-Logo-Fishermoon-1.png\",\"contentUrl\":\"https:\/\/fishermoon.fr\/wp-content\/uploads\/2021\/03\/cropped-Logo-Fishermoon-1.png\",\"width\":512,\"height\":512,\"caption\":\"Fishermoon\"},\"image\":{\"@id\":\"https:\/\/fishermoon.fr\/#\/schema\/logo\/image\/\"}}]}<\/script>\n<!-- \/ Yoast SEO plugin. -->","yoast_head_json":{"title":"Mentions l\u00e9gales &#8211; Fishermoon","robots":{"index":"index","follow":"follow","max-snippet":"max-snippet:-1","max-image-preview":"max-image-preview:large","max-video-preview":"max-video-preview:-1"},"canonical":"https:\/\/fishermoon.fr\/index.php\/mentions-legales\/","og_locale":"fr_FR","og_type":"article","og_title":"Mentions l\u00e9gales &#8211; Fishermoon","og_description":"Mentions propres au site FISHERMOON sert de plateforme de diffusion et de vente de livres auto\u00e9dit\u00e9s pour le compte personnel de la personne physique Gwendoline Le P\u00e9choux. FISHERMOON 58 Avenue Corot 13013 MARSEILLE H\u00e9bergeur: OVH","og_url":"https:\/\/fishermoon.fr\/index.php\/mentions-legales\/","og_site_name":"Fishermoon","article_modified_time":"2021-04-01T20:35:19+00:00","twitter_card":"summary_large_image","schema":{"@context":"https:\/\/schema.org","@graph":[{"@type":"WebPage","@id":"https:\/\/fishermoon.fr\/index.php\/mentions-legales\/","url":"https:\/\/fishermoon.fr\/index.php\/mentions-legales\/","name":"Mentions l\u00e9gales &#8211; Fishermoon","isPartOf":{"@id":"https:\/\/fishermoon.fr\/#website"},"datePublished":"2021-02-28T20:58:22+00:00","dateModified":"2021-04-01T20:35:19+00:00","breadcrumb":{"@id":"https:\/\/fishermoon.fr\/index.php\/mentions-legales\/#breadcrumb"},"inLanguage":"fr-FR","potentialAction":[{"@type":"ReadAction","target":["https:\/\/fishermoon.fr\/index.php\/mentions-legales\/"]}]},{"@type":"BreadcrumbList","@id":"https:\/\/fishermoon.fr\/index.php\/mentions-legales\/#breadcrumb","itemListElement":[{"@type":"ListItem","position":1,"name":"Accueil","item":"https:\/\/fishermoon.fr\/"},{"@type":"ListItem","position":2,"name":"Mentions l\u00e9gales"}]},{"@type":"WebSite","@id":"https:\/\/fishermoon.fr\/#website","url":"https:\/\/fishermoon.fr\/","name":"Fishermoon","description":"Les Nouvelles \u00c9ditions Ind\u00e9pendantes ","publisher":{"@id":"https:\/\/fishermoon.fr\/#organization"},"potentialAction":[{"@type":"SearchAction","target":{"@type":"EntryPoint","urlTemplate":"https:\/\/fishermoon.fr\/?s={search_term_string}"},"query-input":{"@type":"PropertyValueSpecification","valueRequired":true,"valueName":"search_term_string"}}],"inLanguage":"fr-FR"},{"@type":"Organization","@id":"https:\/\/fishermoon.fr\/#organization","name":"Fishermoon","url":"https:\/\/fishermoon.fr\/","logo":{"@type":"ImageObject","inLanguage":"fr-FR","@id":"https:\/\/fishermoon.fr\/#\/schema\/logo\/image\/","url":"https:\/\/fishermoon.fr\/wp-content\/uploads\/2021\/03\/cropped-Logo-Fishermoon-1.png","contentUrl":"https:\/\/fishermoon.fr\/wp-content\/uploads\/2021\/03\/cropped-Logo-Fishermoon-1.png","width":512,"height":512,"caption":"Fishermoon"},"image":{"@id":"https:\/\/fishermoon.fr\/#\/schema\/logo\/image\/"}}]}},"jetpack_sharing_enabled":true,"_links":{"self":[{"href":"https:\/\/fishermoon.fr\/index.php\/wp-json\/wp\/v2\/pages\/94"}],"collection":[{"href":"https:\/\/fishermoon.fr\/index.php\/wp-json\/wp\/v2\/pages"}],"about":[{"href":"https:\/\/fishermoon.fr\/index.php\/wp-json\/wp\/v2\/types\/page"}],"author":[{"embeddable":true,"href":"https:\/\/fishermoon.fr\/index.php\/wp-json\/wp\/v2\/users\/1"}],"replies":[{"embeddable":true,"href":"https:\/\/fishermoon.fr\/index.php\/wp-json\/wp\/v2\/comments?post=94"}],"version-history":[{"count":3,"href":"https:\/\/fishermoon.fr\/index.php\/wp-json\/wp\/v2\/pages\/94\/revisions"}],"predecessor-version":[{"id":257,"href":"https:\/\/fishermoon.fr\/index.php\/wp-json\/wp\/v2\/pages\/94\/revisions\/257"}],"wp:attachment":[{"href":"https:\/\/fishermoon.fr\/index.php\/wp-json\/wp\/v2\/media?parent=94"}],"curies":[{"name":"wp","href":"https:\/\/api.w.org\/{rel}","templated":true}]}}