{"id":48,"date":"2021-02-28T21:11:49","date_gmt":"2021-02-28T20:11:49","guid":{"rendered":"http:\/\/fishermoon.fr\/?page_id=48"},"modified":"2024-03-17T19:01:54","modified_gmt":"2024-03-17T18:01:54","slug":"nemo","status":"publish","type":"page","link":"https:\/\/fishermoon.fr\/index.php\/nemo\/","title":{"rendered":"La promenade de Nemo"},"content":{"rendered":"\t\t<div data-elementor-type=\"wp-page\" data-elementor-id=\"48\" class=\"elementor elementor-48\">\n\t\t\t\t\t\t<section class=\"elementor-section elementor-top-section elementor-element elementor-element-bfe9d3d elementor-section-boxed elementor-section-height-default elementor-section-height-default\" data-id=\"bfe9d3d\" data-element_type=\"section\">\n\t\t\t\t\t\t<div class=\"elementor-container elementor-column-gap-default\">\n\t\t\t\t\t<div class=\"elementor-column elementor-col-100 elementor-top-column elementor-element elementor-element-a3fc3bb\" data-id=\"a3fc3bb\" data-element_type=\"column\">\n\t\t\t<div class=\"elementor-widget-wrap elementor-element-populated\">\n\t\t\t\t\t\t<div class=\"elementor-element elementor-element-9f4a470 elementor-widget elementor-widget-heading\" data-id=\"9f4a470\" data-element_type=\"widget\" data-widget_type=\"heading.default\">\n\t\t\t\t<div class=\"elementor-widget-container\">\n\t\t\t\t\t<h2 class=\"elementor-heading-title elementor-size-default\">La promenade de Nemo<\/h2>\t\t\t\t<\/div>\n\t\t\t\t<\/div>\n\t\t\t\t<div class=\"elementor-element elementor-element-1b97fc4 elementor-widget-divider--view-line elementor-widget elementor-widget-divider\" data-id=\"1b97fc4\" data-element_type=\"widget\" data-widget_type=\"divider.default\">\n\t\t\t\t<div class=\"elementor-widget-container\">\n\t\t\t\t\t\t\t<div class=\"elementor-divider\">\n\t\t\t<span class=\"elementor-divider-separator\">\n\t\t\t\t\t\t<\/span>\n\t\t<\/div>\n\t\t\t\t\t\t<\/div>\n\t\t\t\t<\/div>\n\t\t\t\t<div class=\"elementor-element elementor-element-2bf1b15 elementor-widget elementor-widget-heading\" data-id=\"2bf1b15\" data-element_type=\"widget\" data-widget_type=\"heading.default\">\n\t\t\t\t<div class=\"elementor-widget-container\">\n\t\t\t\t\t<h2 class=\"elementor-heading-title elementor-size-default\">G. Le P\u00e9choux<\/h2>\t\t\t\t<\/div>\n\t\t\t\t<\/div>\n\t\t\t\t\t<\/div>\n\t\t<\/div>\n\t\t\t\t\t<\/div>\n\t\t<\/section>\n\t\t\t\t<section class=\"elementor-section elementor-top-section elementor-element elementor-element-76e8c2f elementor-section-boxed elementor-section-height-default elementor-section-height-default\" data-id=\"76e8c2f\" data-element_type=\"section\">\n\t\t\t\t\t\t<div class=\"elementor-container elementor-column-gap-default\">\n\t\t\t\t\t<div class=\"elementor-column elementor-col-100 elementor-top-column elementor-element elementor-element-03cb535\" data-id=\"03cb535\" data-element_type=\"column\">\n\t\t\t<div class=\"elementor-widget-wrap elementor-element-populated\">\n\t\t\t\t\t\t<div class=\"elementor-element elementor-element-571ee04 elementor-widget elementor-widget-text-editor\" data-id=\"571ee04\" data-element_type=\"widget\" data-widget_type=\"text-editor.default\">\n\t\t\t\t<div class=\"elementor-widget-container\">\n\t\t\t\t\t\t\t\t\t<p class=\"font_8\">\u00ab\u00a0Pour que l&rsquo;\u00e9galit\u00e9 humaine soit \u00e0 jamais \u00e9cart\u00e9e, pour que les grands, comme nous les avons appel\u00e9s, gardent perp\u00e9tuellement leurs places, la condition mentale dominante doit \u00eatre la folie dirig\u00e9e.\u00a0\u00bb<\/p>\n<p style=\"text-align: right;\"><strong>George Orwell<\/strong><\/p>\t\t\t\t\t\t\t\t<\/div>\n\t\t\t\t<\/div>\n\t\t\t\t\t<\/div>\n\t\t<\/div>\n\t\t\t\t\t<\/div>\n\t\t<\/section>\n\t\t\t\t<section class=\"elementor-section elementor-top-section elementor-element elementor-element-3c5e8f6 elementor-section-boxed elementor-section-height-default elementor-section-height-default\" data-id=\"3c5e8f6\" data-element_type=\"section\">\n\t\t\t\t\t\t<div class=\"elementor-container elementor-column-gap-default\">\n\t\t\t\t\t<div class=\"elementor-column elementor-col-33 elementor-top-column elementor-element elementor-element-0a7255d\" data-id=\"0a7255d\" data-element_type=\"column\">\n\t\t\t<div class=\"elementor-widget-wrap\">\n\t\t\t\t\t\t\t<\/div>\n\t\t<\/div>\n\t\t\t\t<div class=\"elementor-column elementor-col-33 elementor-top-column elementor-element elementor-element-78dd209\" data-id=\"78dd209\" data-element_type=\"column\">\n\t\t\t<div class=\"elementor-widget-wrap elementor-element-populated\">\n\t\t\t\t\t\t<div class=\"elementor-element elementor-element-bf8fcfc elementor-widget elementor-widget-image\" data-id=\"bf8fcfc\" data-element_type=\"widget\" data-widget_type=\"image.default\">\n\t\t\t\t<div class=\"elementor-widget-container\">\n\t\t\t\t\t\t\t\t\t\t\t\t\t\t\t<img fetchpriority=\"high\" decoding=\"async\" width=\"1024\" height=\"356\" src=\"https:\/\/fishermoon.fr\/wp-content\/uploads\/2021\/02\/Masque-fin-1024x356.jpg\" class=\"attachment-large size-large wp-image-56\" alt=\"\" srcset=\"https:\/\/fishermoon.fr\/wp-content\/uploads\/2021\/02\/Masque-fin-1024x356.jpg 1024w, https:\/\/fishermoon.fr\/wp-content\/uploads\/2021\/02\/Masque-fin-300x104.jpg 300w, https:\/\/fishermoon.fr\/wp-content\/uploads\/2021\/02\/Masque-fin-768x267.jpg 768w, https:\/\/fishermoon.fr\/wp-content\/uploads\/2021\/02\/Masque-fin-1536x534.jpg 1536w, https:\/\/fishermoon.fr\/wp-content\/uploads\/2021\/02\/Masque-fin-2048x713.jpg 2048w, https:\/\/fishermoon.fr\/wp-content\/uploads\/2021\/02\/Masque-fin-600x209.jpg 600w\" sizes=\"(max-width: 1024px) 100vw, 1024px\" \/>\t\t\t\t\t\t\t\t\t\t\t\t\t\t\t<\/div>\n\t\t\t\t<\/div>\n\t\t\t\t\t<\/div>\n\t\t<\/div>\n\t\t\t\t<div class=\"elementor-column elementor-col-33 elementor-top-column elementor-element elementor-element-2271bca\" data-id=\"2271bca\" data-element_type=\"column\">\n\t\t\t<div class=\"elementor-widget-wrap\">\n\t\t\t\t\t\t\t<\/div>\n\t\t<\/div>\n\t\t\t\t\t<\/div>\n\t\t<\/section>\n\t\t\t\t<section class=\"elementor-section elementor-top-section elementor-element elementor-element-c02258b elementor-section-boxed elementor-section-height-default elementor-section-height-default\" data-id=\"c02258b\" data-element_type=\"section\">\n\t\t\t\t\t\t<div class=\"elementor-container elementor-column-gap-default\">\n\t\t\t\t\t<div class=\"elementor-column elementor-col-25 elementor-top-column elementor-element elementor-element-b7b6109\" data-id=\"b7b6109\" data-element_type=\"column\">\n\t\t\t<div class=\"elementor-widget-wrap\">\n\t\t\t\t\t\t\t<\/div>\n\t\t<\/div>\n\t\t\t\t<div class=\"elementor-column elementor-col-50 elementor-top-column elementor-element elementor-element-47e57c6\" data-id=\"47e57c6\" data-element_type=\"column\">\n\t\t\t<div class=\"elementor-widget-wrap elementor-element-populated\">\n\t\t\t\t\t\t<div class=\"elementor-element elementor-element-c0352e8 elementor-widget elementor-widget-text-editor\" data-id=\"c0352e8\" data-element_type=\"widget\" data-widget_type=\"text-editor.default\">\n\t\t\t\t<div class=\"elementor-widget-container\">\n\t\t\t\t\t\t\t\t\t<p>Nemo se prom\u00e8ne.<\/p>\t\t\t\t\t\t\t\t<\/div>\n\t\t\t\t<\/div>\n\t\t\t\t<div class=\"elementor-element elementor-element-7cf3c03 elementor-widget elementor-widget-text-editor\" data-id=\"7cf3c03\" data-element_type=\"widget\" data-widget_type=\"text-editor.default\">\n\t\t\t\t<div class=\"elementor-widget-container\">\n\t\t\t\t\t\t\t\t\t<p><span style=\"font-style: inherit; font-weight: inherit; letter-spacing: 0px;\">Il regarde le soleil se coucher tendrement sur la mer. Mais sa contemplation est interrompue par les forces de l\u2019ordre. C\u2019est un rappel ; il doit rentrer chez lui au plus vite, avant que les six coups du couvre-feu ne sonnent. Car \u00e0 la tomb\u00e9e de la nuit vient un virus.<\/span><\/p>\t\t\t\t\t\t\t\t<\/div>\n\t\t\t\t<\/div>\n\t\t\t\t<div class=\"elementor-element elementor-element-40dd23e elementor-widget elementor-widget-text-editor\" data-id=\"40dd23e\" data-element_type=\"widget\" data-widget_type=\"text-editor.default\">\n\t\t\t\t<div class=\"elementor-widget-container\">\n\t\t\t\t\t\t\t\t\t<p><span style=\"font-style: inherit; font-weight: inherit; letter-spacing: 0px;\">Le Morvite-666.<\/span><\/p>\t\t\t\t\t\t\t\t<\/div>\n\t\t\t\t<\/div>\n\t\t\t\t<div class=\"elementor-element elementor-element-44d1fd2 elementor-widget elementor-widget-text-editor\" data-id=\"44d1fd2\" data-element_type=\"widget\" data-widget_type=\"text-editor.default\">\n\t\t\t\t<div class=\"elementor-widget-container\">\n\t\t\t\t\t\t\t\t\t<p><span style=\"font-style: inherit; font-weight: inherit; letter-spacing: 0px;\">Le centi\u00e8me variant du Covid-19.<\/span><\/p>\n<p><i>La promenade de Nemo<\/i> est une fiction dystopique. Elle plongera le lecteur dans le monde qui suit la crise sanitaire, politique et \u00e9conomique de l\u2019ann\u00e9e 2020.<\/p>\t\t\t\t\t\t\t\t<\/div>\n\t\t\t\t<\/div>\n\t\t\t\t<div class=\"elementor-element elementor-element-772ecc5 elementor-align-center elementor-widget elementor-widget-button\" data-id=\"772ecc5\" data-element_type=\"widget\" data-widget_type=\"button.default\">\n\t\t\t\t<div class=\"elementor-widget-container\">\n\t\t\t\t\t\t\t\t\t<div class=\"elementor-button-wrapper\">\n\t\t\t\t\t<a class=\"elementor-button elementor-button-link elementor-size-sm\" href=\"http:\/\/fishermoon.fr\/index.php\/produit\/la-promenade-de-nemo\/\">\n\t\t\t\t\t\t<span class=\"elementor-button-content-wrapper\">\n\t\t\t\t\t\t\t\t\t<span class=\"elementor-button-text\">Acheter<\/span>\n\t\t\t\t\t<\/span>\n\t\t\t\t\t<\/a>\n\t\t\t\t<\/div>\n\t\t\t\t\t\t\t\t<\/div>\n\t\t\t\t<\/div>\n\t\t\t\t\t<\/div>\n\t\t<\/div>\n\t\t\t\t<div class=\"elementor-column elementor-col-25 elementor-top-column elementor-element elementor-element-1bcba5d\" data-id=\"1bcba5d\" data-element_type=\"column\">\n\t\t\t<div class=\"elementor-widget-wrap\">\n\t\t\t\t\t\t\t<\/div>\n\t\t<\/div>\n\t\t\t\t\t<\/div>\n\t\t<\/section>\n\t\t\t\t<section class=\"elementor-section elementor-top-section elementor-element elementor-element-f632a58 elementor-section-boxed elementor-section-height-default elementor-section-height-default\" data-id=\"f632a58\" data-element_type=\"section\">\n\t\t\t\t\t\t<div class=\"elementor-container elementor-column-gap-default\">\n\t\t\t\t\t<div class=\"elementor-column elementor-col-100 elementor-top-column elementor-element elementor-element-74c5d1e\" data-id=\"74c5d1e\" data-element_type=\"column\">\n\t\t\t<div class=\"elementor-widget-wrap elementor-element-populated\">\n\t\t\t\t\t\t<div class=\"elementor-element elementor-element-9203eac elementor-widget elementor-widget-text-editor\" data-id=\"9203eac\" data-element_type=\"widget\" data-widget_type=\"text-editor.default\">\n\t\t\t\t<div class=\"elementor-widget-container\">\n\t\t\t\t\t\t\t\t\t<p><em><strong>#Dystopie #Caricature #R\u00e9flexion<\/strong><\/em><\/p>\t\t\t\t\t\t\t\t<\/div>\n\t\t\t\t<\/div>\n\t\t\t\t<div class=\"elementor-element elementor-element-d081146 elementor-widget elementor-widget-text-editor\" data-id=\"d081146\" data-element_type=\"widget\" data-widget_type=\"text-editor.default\">\n\t\t\t\t<div class=\"elementor-widget-container\">\n\t\t\t\t\t\t\t\t\t<p><em><strong>La fiction, un moyen d&rsquo;anticiper \/ r\u00e9aliser les d\u00e9rives.<\/strong><\/em><\/p>\t\t\t\t\t\t\t\t<\/div>\n\t\t\t\t<\/div>\n\t\t\t\t\t<\/div>\n\t\t<\/div>\n\t\t\t\t\t<\/div>\n\t\t<\/section>\n\t\t\t\t<section class=\"elementor-section elementor-top-section elementor-element elementor-element-b51a7a7 elementor-section-boxed elementor-section-height-default elementor-section-height-default\" data-id=\"b51a7a7\" data-element_type=\"section\">\n\t\t\t\t\t\t<div class=\"elementor-container elementor-column-gap-default\">\n\t\t\t\t\t<div class=\"elementor-column elementor-col-100 elementor-top-column elementor-element elementor-element-b90f32c\" data-id=\"b90f32c\" data-element_type=\"column\">\n\t\t\t<div class=\"elementor-widget-wrap elementor-element-populated\">\n\t\t\t\t\t\t<div class=\"elementor-element elementor-element-a7aced5 elementor-invisible elementor-widget elementor-widget-video\" data-id=\"a7aced5\" data-element_type=\"widget\" data-settings=\"{&quot;video_type&quot;:&quot;hosted&quot;,&quot;_animation&quot;:&quot;fadeInUp&quot;,&quot;controls&quot;:&quot;yes&quot;}\" data-widget_type=\"video.default\">\n\t\t\t\t<div class=\"elementor-widget-container\">\n\t\t\t\t\t\t\t<div class=\"e-hosted-video elementor-wrapper elementor-open-inline\">\n\t\t\t\t\t<video class=\"elementor-video\" src=\"https:\/\/fishermoon.fr\/wp-content\/uploads\/2021\/04\/La-promenade-de-Nemo-compressed.mp4\" controls=\"\" preload=\"metadata\" controlsList=\"nodownload\"><\/video>\n\t\t\t\t<\/div>\n\t\t\t\t\t\t<\/div>\n\t\t\t\t<\/div>\n\t\t\t\t\t<\/div>\n\t\t<\/div>\n\t\t\t\t\t<\/div>\n\t\t<\/section>\n\t\t\t\t<\/div>\n\t\t","protected":false},"excerpt":{"rendered":"<p>La promenade de Nemo G. Le P\u00e9choux \u00ab\u00a0Pour que l&rsquo;\u00e9galit\u00e9 humaine soit \u00e0 jamais \u00e9cart\u00e9e, pour que les grands, comme nous les avons appel\u00e9s, gardent perp\u00e9tuellement leurs places, la condition mentale dominante doit \u00eatre la folie dirig\u00e9e.\u00a0\u00bb George Orwell Nemo se prom\u00e8ne. Il regarde le soleil se coucher tendrement sur la mer. Mais sa contemplation [&hellip;]<\/p>\n","protected":false},"author":1,"featured_media":0,"parent":0,"menu_order":0,"comment_status":"closed","ping_status":"closed","template":"elementor_header_footer","meta":{"_monsterinsights_skip_tracking":false,"_monsterinsights_sitenote_active":false,"_monsterinsights_sitenote_note":"","_monsterinsights_sitenote_category":0,"site-sidebar-layout":"no-sidebar","site-content-layout":"page-builder","ast-site-content-layout":"","site-content-style":"default","site-sidebar-style":"default","ast-global-header-display":"","ast-banner-title-visibility":"","ast-main-header-display":"","ast-hfb-above-header-display":"","ast-hfb-below-header-display":"","ast-hfb-mobile-header-display":"","site-post-title":"disabled","ast-breadcrumbs-content":"","ast-featured-img":"disabled","footer-sml-layout":"","theme-transparent-header-meta":"default","adv-header-id-meta":"","stick-header-meta":"","header-above-stick-meta":"","header-main-stick-meta":"","header-below-stick-meta":"","astra-migrate-meta-layouts":"default","ast-page-background-enabled":"default","ast-page-background-meta":{"desktop":{"background-color":"","background-image":"","background-repeat":"repeat","background-position":"center center","background-size":"auto","background-attachment":"scroll","background-type":"","background-media":"","overlay-type":"","overlay-color":"","overlay-gradient":""},"tablet":{"background-color":"","background-image":"","background-repeat":"repeat","background-position":"center center","background-size":"auto","background-attachment":"scroll","background-type":"","background-media":"","overlay-type":"","overlay-color":"","overlay-gradient":""},"mobile":{"background-color":"","background-image":"","background-repeat":"repeat","background-position":"center center","background-size":"auto","background-attachment":"scroll","background-type":"","background-media":"","overlay-type":"","overlay-color":"","overlay-gradient":""}},"ast-content-background-meta":{"desktop":{"background-color":"var(--ast-global-color-5)","background-image":"","background-repeat":"repeat","background-position":"center center","background-size":"auto","background-attachment":"scroll","background-type":"","background-media":"","overlay-type":"","overlay-color":"","overlay-gradient":""},"tablet":{"background-color":"var(--ast-global-color-5)","background-image":"","background-repeat":"repeat","background-position":"center center","background-size":"auto","background-attachment":"scroll","background-type":"","background-media":"","overlay-type":"","overlay-color":"","overlay-gradient":""},"mobile":{"background-color":"var(--ast-global-color-5)","background-image":"","background-repeat":"repeat","background-position":"center center","background-size":"auto","background-attachment":"scroll","background-type":"","background-media":"","overlay-type":"","overlay-color":"","overlay-gradient":""}},"footnotes":""},"class_list":["post-48","page","type-page","status-publish","hentry"],"yoast_head":"<!-- This site is optimized with the Yoast SEO plugin v25.6 - https:\/\/yoast.com\/wordpress\/plugins\/seo\/ -->\n<title>La promenade de Nemo &#8211; Fishermoon<\/title>\n<meta name=\"description\" content=\"Livre 2021 - Le monde Post-Covid, ou le cheminement d&#039;un homme, Nemo, qui n&#039;a toujours connu que la dictature. Dictature num\u00e9rique. Dictature sanitaire. Monde de variants et de restrictions. Monde o\u00f9 le masque est une banalit\u00e9, le vaccin, une formalit\u00e9.\" \/>\n<meta name=\"robots\" content=\"index, follow, max-snippet:-1, max-image-preview:large, max-video-preview:-1\" \/>\n<link rel=\"canonical\" href=\"https:\/\/fishermoon.fr\/index.php\/nemo\/\" \/>\n<meta property=\"og:locale\" content=\"fr_FR\" \/>\n<meta property=\"og:type\" content=\"article\" \/>\n<meta property=\"og:title\" content=\"La promenade de Nemo &#8211; Fishermoon\" \/>\n<meta property=\"og:description\" content=\"Livre 2021 - Le monde Post-Covid, ou le cheminement d&#039;un homme, Nemo, qui n&#039;a toujours connu que la dictature. Dictature num\u00e9rique. Dictature sanitaire. Monde de variants et de restrictions. Monde o\u00f9 le masque est une banalit\u00e9, le vaccin, une formalit\u00e9.\" \/>\n<meta property=\"og:url\" content=\"https:\/\/fishermoon.fr\/index.php\/nemo\/\" \/>\n<meta property=\"og:site_name\" content=\"Fishermoon\" \/>\n<meta property=\"article:modified_time\" content=\"2024-03-17T18:01:54+00:00\" \/>\n<meta property=\"og:image\" content=\"https:\/\/fishermoon.fr\/wp-content\/uploads\/2021\/02\/Masque-fin-1024x356.jpg\" \/>\n<meta name=\"twitter:card\" content=\"summary_large_image\" \/>\n<meta name=\"twitter:label1\" content=\"Dur\u00e9e de lecture estim\u00e9e\" \/>\n\t<meta name=\"twitter:data1\" content=\"1 minute\" \/>\n<script type=\"application\/ld+json\" class=\"yoast-schema-graph\">{\"@context\":\"https:\/\/schema.org\",\"@graph\":[{\"@type\":\"WebPage\",\"@id\":\"https:\/\/fishermoon.fr\/index.php\/nemo\/\",\"url\":\"https:\/\/fishermoon.fr\/index.php\/nemo\/\",\"name\":\"La promenade de Nemo &#8211; Fishermoon\",\"isPartOf\":{\"@id\":\"https:\/\/fishermoon.fr\/#website\"},\"primaryImageOfPage\":{\"@id\":\"https:\/\/fishermoon.fr\/index.php\/nemo\/#primaryimage\"},\"image\":{\"@id\":\"https:\/\/fishermoon.fr\/index.php\/nemo\/#primaryimage\"},\"thumbnailUrl\":\"https:\/\/fishermoon.fr\/wp-content\/uploads\/2021\/02\/Masque-fin-1024x356.jpg\",\"datePublished\":\"2021-02-28T20:11:49+00:00\",\"dateModified\":\"2024-03-17T18:01:54+00:00\",\"description\":\"Livre 2021 - Le monde Post-Covid, ou le cheminement d'un homme, Nemo, qui n'a toujours connu que la dictature. Dictature num\u00e9rique. Dictature sanitaire. Monde de variants et de restrictions. Monde o\u00f9 le masque est une banalit\u00e9, le vaccin, une formalit\u00e9.\",\"breadcrumb\":{\"@id\":\"https:\/\/fishermoon.fr\/index.php\/nemo\/#breadcrumb\"},\"inLanguage\":\"fr-FR\",\"potentialAction\":[{\"@type\":\"ReadAction\",\"target\":[\"https:\/\/fishermoon.fr\/index.php\/nemo\/\"]}]},{\"@type\":\"ImageObject\",\"inLanguage\":\"fr-FR\",\"@id\":\"https:\/\/fishermoon.fr\/index.php\/nemo\/#primaryimage\",\"url\":\"https:\/\/fishermoon.fr\/wp-content\/uploads\/2021\/02\/Masque-fin-1024x356.jpg\",\"contentUrl\":\"https:\/\/fishermoon.fr\/wp-content\/uploads\/2021\/02\/Masque-fin-1024x356.jpg\"},{\"@type\":\"BreadcrumbList\",\"@id\":\"https:\/\/fishermoon.fr\/index.php\/nemo\/#breadcrumb\",\"itemListElement\":[{\"@type\":\"ListItem\",\"position\":1,\"name\":\"Accueil\",\"item\":\"https:\/\/fishermoon.fr\/\"},{\"@type\":\"ListItem\",\"position\":2,\"name\":\"La promenade de Nemo\"}]},{\"@type\":\"WebSite\",\"@id\":\"https:\/\/fishermoon.fr\/#website\",\"url\":\"https:\/\/fishermoon.fr\/\",\"name\":\"Fishermoon\",\"description\":\"Les Nouvelles \u00c9ditions Ind\u00e9pendantes \",\"publisher\":{\"@id\":\"https:\/\/fishermoon.fr\/#organization\"},\"potentialAction\":[{\"@type\":\"SearchAction\",\"target\":{\"@type\":\"EntryPoint\",\"urlTemplate\":\"https:\/\/fishermoon.fr\/?s={search_term_string}\"},\"query-input\":{\"@type\":\"PropertyValueSpecification\",\"valueRequired\":true,\"valueName\":\"search_term_string\"}}],\"inLanguage\":\"fr-FR\"},{\"@type\":\"Organization\",\"@id\":\"https:\/\/fishermoon.fr\/#organization\",\"name\":\"Fishermoon\",\"url\":\"https:\/\/fishermoon.fr\/\",\"logo\":{\"@type\":\"ImageObject\",\"inLanguage\":\"fr-FR\",\"@id\":\"https:\/\/fishermoon.fr\/#\/schema\/logo\/image\/\",\"url\":\"https:\/\/fishermoon.fr\/wp-content\/uploads\/2021\/03\/cropped-Logo-Fishermoon-1.png\",\"contentUrl\":\"https:\/\/fishermoon.fr\/wp-content\/uploads\/2021\/03\/cropped-Logo-Fishermoon-1.png\",\"width\":512,\"height\":512,\"caption\":\"Fishermoon\"},\"image\":{\"@id\":\"https:\/\/fishermoon.fr\/#\/schema\/logo\/image\/\"}}]}<\/script>\n<!-- \/ Yoast SEO plugin. -->","yoast_head_json":{"title":"La promenade de Nemo &#8211; Fishermoon","description":"Livre 2021 - Le monde Post-Covid, ou le cheminement d'un homme, Nemo, qui n'a toujours connu que la dictature. Dictature num\u00e9rique. Dictature sanitaire. Monde de variants et de restrictions. Monde o\u00f9 le masque est une banalit\u00e9, le vaccin, une formalit\u00e9.","robots":{"index":"index","follow":"follow","max-snippet":"max-snippet:-1","max-image-preview":"max-image-preview:large","max-video-preview":"max-video-preview:-1"},"canonical":"https:\/\/fishermoon.fr\/index.php\/nemo\/","og_locale":"fr_FR","og_type":"article","og_title":"La promenade de Nemo &#8211; Fishermoon","og_description":"Livre 2021 - Le monde Post-Covid, ou le cheminement d'un homme, Nemo, qui n'a toujours connu que la dictature. Dictature num\u00e9rique. Dictature sanitaire. Monde de variants et de restrictions. Monde o\u00f9 le masque est une banalit\u00e9, le vaccin, une formalit\u00e9.","og_url":"https:\/\/fishermoon.fr\/index.php\/nemo\/","og_site_name":"Fishermoon","article_modified_time":"2024-03-17T18:01:54+00:00","og_image":[{"url":"https:\/\/fishermoon.fr\/wp-content\/uploads\/2021\/02\/Masque-fin-1024x356.jpg","type":"","width":"","height":""}],"twitter_card":"summary_large_image","twitter_misc":{"Dur\u00e9e de lecture estim\u00e9e":"1 minute"},"schema":{"@context":"https:\/\/schema.org","@graph":[{"@type":"WebPage","@id":"https:\/\/fishermoon.fr\/index.php\/nemo\/","url":"https:\/\/fishermoon.fr\/index.php\/nemo\/","name":"La promenade de Nemo &#8211; Fishermoon","isPartOf":{"@id":"https:\/\/fishermoon.fr\/#website"},"primaryImageOfPage":{"@id":"https:\/\/fishermoon.fr\/index.php\/nemo\/#primaryimage"},"image":{"@id":"https:\/\/fishermoon.fr\/index.php\/nemo\/#primaryimage"},"thumbnailUrl":"https:\/\/fishermoon.fr\/wp-content\/uploads\/2021\/02\/Masque-fin-1024x356.jpg","datePublished":"2021-02-28T20:11:49+00:00","dateModified":"2024-03-17T18:01:54+00:00","description":"Livre 2021 - Le monde Post-Covid, ou le cheminement d'un homme, Nemo, qui n'a toujours connu que la dictature. Dictature num\u00e9rique. Dictature sanitaire. Monde de variants et de restrictions. Monde o\u00f9 le masque est une banalit\u00e9, le vaccin, une formalit\u00e9.","breadcrumb":{"@id":"https:\/\/fishermoon.fr\/index.php\/nemo\/#breadcrumb"},"inLanguage":"fr-FR","potentialAction":[{"@type":"ReadAction","target":["https:\/\/fishermoon.fr\/index.php\/nemo\/"]}]},{"@type":"ImageObject","inLanguage":"fr-FR","@id":"https:\/\/fishermoon.fr\/index.php\/nemo\/#primaryimage","url":"https:\/\/fishermoon.fr\/wp-content\/uploads\/2021\/02\/Masque-fin-1024x356.jpg","contentUrl":"https:\/\/fishermoon.fr\/wp-content\/uploads\/2021\/02\/Masque-fin-1024x356.jpg"},{"@type":"BreadcrumbList","@id":"https:\/\/fishermoon.fr\/index.php\/nemo\/#breadcrumb","itemListElement":[{"@type":"ListItem","position":1,"name":"Accueil","item":"https:\/\/fishermoon.fr\/"},{"@type":"ListItem","position":2,"name":"La promenade de Nemo"}]},{"@type":"WebSite","@id":"https:\/\/fishermoon.fr\/#website","url":"https:\/\/fishermoon.fr\/","name":"Fishermoon","description":"Les Nouvelles \u00c9ditions Ind\u00e9pendantes ","publisher":{"@id":"https:\/\/fishermoon.fr\/#organization"},"potentialAction":[{"@type":"SearchAction","target":{"@type":"EntryPoint","urlTemplate":"https:\/\/fishermoon.fr\/?s={search_term_string}"},"query-input":{"@type":"PropertyValueSpecification","valueRequired":true,"valueName":"search_term_string"}}],"inLanguage":"fr-FR"},{"@type":"Organization","@id":"https:\/\/fishermoon.fr\/#organization","name":"Fishermoon","url":"https:\/\/fishermoon.fr\/","logo":{"@type":"ImageObject","inLanguage":"fr-FR","@id":"https:\/\/fishermoon.fr\/#\/schema\/logo\/image\/","url":"https:\/\/fishermoon.fr\/wp-content\/uploads\/2021\/03\/cropped-Logo-Fishermoon-1.png","contentUrl":"https:\/\/fishermoon.fr\/wp-content\/uploads\/2021\/03\/cropped-Logo-Fishermoon-1.png","width":512,"height":512,"caption":"Fishermoon"},"image":{"@id":"https:\/\/fishermoon.fr\/#\/schema\/logo\/image\/"}}]}},"jetpack_sharing_enabled":true,"_links":{"self":[{"href":"https:\/\/fishermoon.fr\/index.php\/wp-json\/wp\/v2\/pages\/48"}],"collection":[{"href":"https:\/\/fishermoon.fr\/index.php\/wp-json\/wp\/v2\/pages"}],"about":[{"href":"https:\/\/fishermoon.fr\/index.php\/wp-json\/wp\/v2\/types\/page"}],"author":[{"embeddable":true,"href":"https:\/\/fishermoon.fr\/index.php\/wp-json\/wp\/v2\/users\/1"}],"replies":[{"embeddable":true,"href":"https:\/\/fishermoon.fr\/index.php\/wp-json\/wp\/v2\/comments?post=48"}],"version-history":[{"count":44,"href":"https:\/\/fishermoon.fr\/index.php\/wp-json\/wp\/v2\/pages\/48\/revisions"}],"predecessor-version":[{"id":309,"href":"https:\/\/fishermoon.fr\/index.php\/wp-json\/wp\/v2\/pages\/48\/revisions\/309"}],"wp:attachment":[{"href":"https:\/\/fishermoon.fr\/index.php\/wp-json\/wp\/v2\/media?parent=48"}],"curies":[{"name":"wp","href":"https:\/\/api.w.org\/{rel}","templated":true}]}}