{"id":176,"date":"2021-03-07T19:18:56","date_gmt":"2021-03-07T18:18:56","guid":{"rendered":"https:\/\/fishermoon.fr\/?page_id=176"},"modified":"2021-04-01T20:31:26","modified_gmt":"2021-04-01T18:31:26","slug":"informations","status":"publish","type":"page","link":"https:\/\/fishermoon.fr\/index.php\/informations\/","title":{"rendered":"A propos"},"content":{"rendered":"\t\t<div data-elementor-type=\"wp-page\" data-elementor-id=\"176\" class=\"elementor elementor-176\">\n\t\t\t\t\t\t<section class=\"elementor-section elementor-top-section elementor-element elementor-element-47535b1 elementor-section-boxed elementor-section-height-default elementor-section-height-default\" data-id=\"47535b1\" data-element_type=\"section\">\n\t\t\t\t\t\t<div class=\"elementor-container elementor-column-gap-default\">\n\t\t\t\t\t<div class=\"elementor-column elementor-col-100 elementor-top-column elementor-element elementor-element-cac4391\" data-id=\"cac4391\" data-element_type=\"column\">\n\t\t\t<div class=\"elementor-widget-wrap elementor-element-populated\">\n\t\t\t\t\t\t<div class=\"elementor-element elementor-element-e4c8508 elementor-widget elementor-widget-heading\" data-id=\"e4c8508\" data-element_type=\"widget\" data-widget_type=\"heading.default\">\n\t\t\t\t<div class=\"elementor-widget-container\">\n\t\t\t\t\t<h2 class=\"elementor-heading-title elementor-size-default\">\u00c0 propos de Fishermoon<\/h2>\t\t\t\t<\/div>\n\t\t\t\t<\/div>\n\t\t\t\t<div class=\"elementor-element elementor-element-851e345 elementor-widget elementor-widget-text-editor\" data-id=\"851e345\" data-element_type=\"widget\" data-widget_type=\"text-editor.default\">\n\t\t\t\t<div class=\"elementor-widget-container\">\n\t\t\t\t\t\t\t\t\t<p>\u00c9crire en tant que citoyen.<\/p><p><span style=\"font-style: inherit; font-weight: inherit; font-family: var( --e-global-typography-text-font-family ), Sans-serif;\">\u00c9crire pour s&rsquo;ouvrir \u00e0 d&rsquo;autres possibles. Pour construire d&rsquo;autres possibles. <\/span><span style=\"font-family: var( --e-global-typography-text-font-family ), Sans-serif; font-style: inherit; font-weight: inherit;\">\u00c9crire pour penser, pour se chercher, pour se trouver.\u00a0<\/span><span style=\"font-style: inherit; font-weight: inherit; font-family: var( --e-global-typography-text-font-family ), Sans-serif;\">D<\/span><span style=\"font-style: inherit; font-weight: inherit; font-family: var( --e-global-typography-text-font-family ), Sans-serif;\">iffuser le fruit de son travail et de ses r\u00e9flexions, parce que chacun a encore le droit de s&rsquo;exprimer, d&rsquo;imaginer et de penser. Parce que chaque plume a quelque chose \u00e0 apporter.\u00a0<\/span><\/p><p><span style=\"font-style: inherit; font-weight: inherit; font-family: var( --e-global-typography-text-font-family ), Sans-serif;\">En quelques mots, voici le projet de FISHERMOON ; une plateforme de promotion et de vente d&rsquo;ouvrages auto-\u00e9dit\u00e9s.\u00a0<\/span><\/p><p><span style=\"font-style: inherit; font-weight: inherit; font-family: var( --e-global-typography-text-font-family ), Sans-serif;\"><strong>Ind\u00e9pendance<\/strong> et <strong>Libert\u00e9<\/strong>.\u00a0<\/span><\/p><p><span style=\"font-style: inherit; font-weight: inherit; font-family: var( --e-global-typography-text-font-family ), Sans-serif;\">Des valeurs importantes dans un monde o\u00f9 les artistes doivent \u00eatre rentables, o\u00f9 la parole doit correspondre \u00e0 la pens\u00e9e autoris\u00e9e, o\u00f9 chaque id\u00e9e et engagement sont susceptibles d&rsquo;\u00eatre critiqu\u00e9s, m\u00e9pris\u00e9s, oubli\u00e9s.\u00a0<\/span><\/p><p><span style=\"font-style: inherit; font-weight: inherit; font-family: var( --e-global-typography-text-font-family ), Sans-serif;\">FISHERMOON, osons retrouver notre humanit\u00e9.<\/span><\/p>\t\t\t\t\t\t\t\t<\/div>\n\t\t\t\t<\/div>\n\t\t\t\t\t<\/div>\n\t\t<\/div>\n\t\t\t\t\t<\/div>\n\t\t<\/section>\n\t\t\t\t<\/div>\n\t\t","protected":false},"excerpt":{"rendered":"<p>\u00c0 propos de Fishermoon \u00c9crire en tant que citoyen. \u00c9crire pour s&rsquo;ouvrir \u00e0 d&rsquo;autres possibles. Pour construire d&rsquo;autres possibles. \u00c9crire pour penser, pour se chercher, pour se trouver.\u00a0Diffuser le fruit de son travail et de ses r\u00e9flexions, parce que chacun a encore le droit de s&rsquo;exprimer, d&rsquo;imaginer et de penser. Parce que chaque plume a [&hellip;]<\/p>\n","protected":false},"author":1,"featured_media":0,"parent":0,"menu_order":0,"comment_status":"closed","ping_status":"closed","template":"","meta":{"_monsterinsights_skip_tracking":false,"_monsterinsights_sitenote_active":false,"_monsterinsights_sitenote_note":"","_monsterinsights_sitenote_category":0,"site-sidebar-layout":"no-sidebar","site-content-layout":"page-builder","ast-site-content-layout":"","site-content-style":"default","site-sidebar-style":"default","ast-global-header-display":"","ast-banner-title-visibility":"","ast-main-header-display":"","ast-hfb-above-header-display":"","ast-hfb-below-header-display":"","ast-hfb-mobile-header-display":"","site-post-title":"disabled","ast-breadcrumbs-content":"","ast-featured-img":"disabled","footer-sml-layout":"","theme-transparent-header-meta":"default","adv-header-id-meta":"","stick-header-meta":"","header-above-stick-meta":"","header-main-stick-meta":"","header-below-stick-meta":"","astra-migrate-meta-layouts":"default","ast-page-background-enabled":"default","ast-page-background-meta":{"desktop":{"background-color":"","background-image":"","background-repeat":"repeat","background-position":"center center","background-size":"auto","background-attachment":"scroll","background-type":"","background-media":"","overlay-type":"","overlay-color":"","overlay-gradient":""},"tablet":{"background-color":"","background-image":"","background-repeat":"repeat","background-position":"center center","background-size":"auto","background-attachment":"scroll","background-type":"","background-media":"","overlay-type":"","overlay-color":"","overlay-gradient":""},"mobile":{"background-color":"","background-image":"","background-repeat":"repeat","background-position":"center center","background-size":"auto","background-attachment":"scroll","background-type":"","background-media":"","overlay-type":"","overlay-color":"","overlay-gradient":""}},"ast-content-background-meta":{"desktop":{"background-color":"var(--ast-global-color-5)","background-image":"","background-repeat":"repeat","background-position":"center center","background-size":"auto","background-attachment":"scroll","background-type":"","background-media":"","overlay-type":"","overlay-color":"","overlay-gradient":""},"tablet":{"background-color":"var(--ast-global-color-5)","background-image":"","background-repeat":"repeat","background-position":"center center","background-size":"auto","background-attachment":"scroll","background-type":"","background-media":"","overlay-type":"","overlay-color":"","overlay-gradient":""},"mobile":{"background-color":"var(--ast-global-color-5)","background-image":"","background-repeat":"repeat","background-position":"center center","background-size":"auto","background-attachment":"scroll","background-type":"","background-media":"","overlay-type":"","overlay-color":"","overlay-gradient":""}},"footnotes":""},"class_list":["post-176","page","type-page","status-publish","hentry"],"yoast_head":"<!-- This site is optimized with the Yoast SEO plugin v25.6 - https:\/\/yoast.com\/wordpress\/plugins\/seo\/ -->\n<title>A propos &#8211; Fishermoon<\/title>\n<meta name=\"robots\" content=\"index, follow, max-snippet:-1, max-image-preview:large, max-video-preview:-1\" \/>\n<link rel=\"canonical\" href=\"https:\/\/fishermoon.fr\/index.php\/informations\/\" \/>\n<meta property=\"og:locale\" content=\"fr_FR\" \/>\n<meta property=\"og:type\" content=\"article\" \/>\n<meta property=\"og:title\" content=\"A propos &#8211; Fishermoon\" \/>\n<meta property=\"og:description\" content=\"\u00c0 propos de Fishermoon \u00c9crire en tant que citoyen. \u00c9crire pour s&rsquo;ouvrir \u00e0 d&rsquo;autres possibles. Pour construire d&rsquo;autres possibles. \u00c9crire pour penser, pour se chercher, pour se trouver.\u00a0Diffuser le fruit de son travail et de ses r\u00e9flexions, parce que chacun a encore le droit de s&rsquo;exprimer, d&rsquo;imaginer et de penser. Parce que chaque plume a [&hellip;]\" \/>\n<meta property=\"og:url\" content=\"https:\/\/fishermoon.fr\/index.php\/informations\/\" \/>\n<meta property=\"og:site_name\" content=\"Fishermoon\" \/>\n<meta property=\"article:modified_time\" content=\"2021-04-01T18:31:26+00:00\" \/>\n<meta name=\"twitter:card\" content=\"summary_large_image\" \/>\n<meta name=\"twitter:label1\" content=\"Dur\u00e9e de lecture estim\u00e9e\" \/>\n\t<meta name=\"twitter:data1\" content=\"1 minute\" \/>\n<script type=\"application\/ld+json\" class=\"yoast-schema-graph\">{\"@context\":\"https:\/\/schema.org\",\"@graph\":[{\"@type\":\"WebPage\",\"@id\":\"https:\/\/fishermoon.fr\/index.php\/informations\/\",\"url\":\"https:\/\/fishermoon.fr\/index.php\/informations\/\",\"name\":\"A propos &#8211; Fishermoon\",\"isPartOf\":{\"@id\":\"https:\/\/fishermoon.fr\/#website\"},\"datePublished\":\"2021-03-07T18:18:56+00:00\",\"dateModified\":\"2021-04-01T18:31:26+00:00\",\"breadcrumb\":{\"@id\":\"https:\/\/fishermoon.fr\/index.php\/informations\/#breadcrumb\"},\"inLanguage\":\"fr-FR\",\"potentialAction\":[{\"@type\":\"ReadAction\",\"target\":[\"https:\/\/fishermoon.fr\/index.php\/informations\/\"]}]},{\"@type\":\"BreadcrumbList\",\"@id\":\"https:\/\/fishermoon.fr\/index.php\/informations\/#breadcrumb\",\"itemListElement\":[{\"@type\":\"ListItem\",\"position\":1,\"name\":\"Accueil\",\"item\":\"https:\/\/fishermoon.fr\/\"},{\"@type\":\"ListItem\",\"position\":2,\"name\":\"A propos\"}]},{\"@type\":\"WebSite\",\"@id\":\"https:\/\/fishermoon.fr\/#website\",\"url\":\"https:\/\/fishermoon.fr\/\",\"name\":\"Fishermoon\",\"description\":\"Les Nouvelles \u00c9ditions Ind\u00e9pendantes \",\"publisher\":{\"@id\":\"https:\/\/fishermoon.fr\/#organization\"},\"potentialAction\":[{\"@type\":\"SearchAction\",\"target\":{\"@type\":\"EntryPoint\",\"urlTemplate\":\"https:\/\/fishermoon.fr\/?s={search_term_string}\"},\"query-input\":{\"@type\":\"PropertyValueSpecification\",\"valueRequired\":true,\"valueName\":\"search_term_string\"}}],\"inLanguage\":\"fr-FR\"},{\"@type\":\"Organization\",\"@id\":\"https:\/\/fishermoon.fr\/#organization\",\"name\":\"Fishermoon\",\"url\":\"https:\/\/fishermoon.fr\/\",\"logo\":{\"@type\":\"ImageObject\",\"inLanguage\":\"fr-FR\",\"@id\":\"https:\/\/fishermoon.fr\/#\/schema\/logo\/image\/\",\"url\":\"https:\/\/fishermoon.fr\/wp-content\/uploads\/2021\/03\/cropped-Logo-Fishermoon-1.png\",\"contentUrl\":\"https:\/\/fishermoon.fr\/wp-content\/uploads\/2021\/03\/cropped-Logo-Fishermoon-1.png\",\"width\":512,\"height\":512,\"caption\":\"Fishermoon\"},\"image\":{\"@id\":\"https:\/\/fishermoon.fr\/#\/schema\/logo\/image\/\"}}]}<\/script>\n<!-- \/ Yoast SEO plugin. -->","yoast_head_json":{"title":"A propos &#8211; Fishermoon","robots":{"index":"index","follow":"follow","max-snippet":"max-snippet:-1","max-image-preview":"max-image-preview:large","max-video-preview":"max-video-preview:-1"},"canonical":"https:\/\/fishermoon.fr\/index.php\/informations\/","og_locale":"fr_FR","og_type":"article","og_title":"A propos &#8211; Fishermoon","og_description":"\u00c0 propos de Fishermoon \u00c9crire en tant que citoyen. \u00c9crire pour s&rsquo;ouvrir \u00e0 d&rsquo;autres possibles. Pour construire d&rsquo;autres possibles. \u00c9crire pour penser, pour se chercher, pour se trouver.\u00a0Diffuser le fruit de son travail et de ses r\u00e9flexions, parce que chacun a encore le droit de s&rsquo;exprimer, d&rsquo;imaginer et de penser. Parce que chaque plume a [&hellip;]","og_url":"https:\/\/fishermoon.fr\/index.php\/informations\/","og_site_name":"Fishermoon","article_modified_time":"2021-04-01T18:31:26+00:00","twitter_card":"summary_large_image","twitter_misc":{"Dur\u00e9e de lecture estim\u00e9e":"1 minute"},"schema":{"@context":"https:\/\/schema.org","@graph":[{"@type":"WebPage","@id":"https:\/\/fishermoon.fr\/index.php\/informations\/","url":"https:\/\/fishermoon.fr\/index.php\/informations\/","name":"A propos &#8211; Fishermoon","isPartOf":{"@id":"https:\/\/fishermoon.fr\/#website"},"datePublished":"2021-03-07T18:18:56+00:00","dateModified":"2021-04-01T18:31:26+00:00","breadcrumb":{"@id":"https:\/\/fishermoon.fr\/index.php\/informations\/#breadcrumb"},"inLanguage":"fr-FR","potentialAction":[{"@type":"ReadAction","target":["https:\/\/fishermoon.fr\/index.php\/informations\/"]}]},{"@type":"BreadcrumbList","@id":"https:\/\/fishermoon.fr\/index.php\/informations\/#breadcrumb","itemListElement":[{"@type":"ListItem","position":1,"name":"Accueil","item":"https:\/\/fishermoon.fr\/"},{"@type":"ListItem","position":2,"name":"A propos"}]},{"@type":"WebSite","@id":"https:\/\/fishermoon.fr\/#website","url":"https:\/\/fishermoon.fr\/","name":"Fishermoon","description":"Les Nouvelles \u00c9ditions Ind\u00e9pendantes ","publisher":{"@id":"https:\/\/fishermoon.fr\/#organization"},"potentialAction":[{"@type":"SearchAction","target":{"@type":"EntryPoint","urlTemplate":"https:\/\/fishermoon.fr\/?s={search_term_string}"},"query-input":{"@type":"PropertyValueSpecification","valueRequired":true,"valueName":"search_term_string"}}],"inLanguage":"fr-FR"},{"@type":"Organization","@id":"https:\/\/fishermoon.fr\/#organization","name":"Fishermoon","url":"https:\/\/fishermoon.fr\/","logo":{"@type":"ImageObject","inLanguage":"fr-FR","@id":"https:\/\/fishermoon.fr\/#\/schema\/logo\/image\/","url":"https:\/\/fishermoon.fr\/wp-content\/uploads\/2021\/03\/cropped-Logo-Fishermoon-1.png","contentUrl":"https:\/\/fishermoon.fr\/wp-content\/uploads\/2021\/03\/cropped-Logo-Fishermoon-1.png","width":512,"height":512,"caption":"Fishermoon"},"image":{"@id":"https:\/\/fishermoon.fr\/#\/schema\/logo\/image\/"}}]}},"jetpack_sharing_enabled":true,"_links":{"self":[{"href":"https:\/\/fishermoon.fr\/index.php\/wp-json\/wp\/v2\/pages\/176"}],"collection":[{"href":"https:\/\/fishermoon.fr\/index.php\/wp-json\/wp\/v2\/pages"}],"about":[{"href":"https:\/\/fishermoon.fr\/index.php\/wp-json\/wp\/v2\/types\/page"}],"author":[{"embeddable":true,"href":"https:\/\/fishermoon.fr\/index.php\/wp-json\/wp\/v2\/users\/1"}],"replies":[{"embeddable":true,"href":"https:\/\/fishermoon.fr\/index.php\/wp-json\/wp\/v2\/comments?post=176"}],"version-history":[{"count":16,"href":"https:\/\/fishermoon.fr\/index.php\/wp-json\/wp\/v2\/pages\/176\/revisions"}],"predecessor-version":[{"id":255,"href":"https:\/\/fishermoon.fr\/index.php\/wp-json\/wp\/v2\/pages\/176\/revisions\/255"}],"wp:attachment":[{"href":"https:\/\/fishermoon.fr\/index.php\/wp-json\/wp\/v2\/media?parent=176"}],"curies":[{"name":"wp","href":"https:\/\/api.w.org\/{rel}","templated":true}]}}